{"id":406,"date":"2024-01-31T13:58:21","date_gmt":"2024-01-31T16:58:21","guid":{"rendered":"http:\/\/embuscadofimdomundo.com.br\/?page_id=406"},"modified":"2024-02-26T20:47:25","modified_gmt":"2024-02-26T23:47:25","slug":"protagonista-autor-e-editor","status":"publish","type":"page","link":"https:\/\/embuscadofimdomundo.com.br\/?page_id=406","title":{"rendered":"Protagonista, Autor e editor"},"content":{"rendered":"\n<div class=\"wp-block-media-text is-stacked-on-mobile\"><figure class=\"wp-block-media-text__media\"><img loading=\"lazy\" decoding=\"async\" width=\"485\" height=\"1024\" src=\"http:\/\/embuscadofimdomundo.com.br\/wp-content\/uploads\/2024\/01\/20230108_102457-485x1024.jpg\" alt=\"\" class=\"wp-image-407 size-full\" srcset=\"https:\/\/embuscadofimdomundo.com.br\/wp-content\/uploads\/2024\/01\/20230108_102457-485x1024.jpg 485w, https:\/\/embuscadofimdomundo.com.br\/wp-content\/uploads\/2024\/01\/20230108_102457-142x300.jpg 142w, https:\/\/embuscadofimdomundo.com.br\/wp-content\/uploads\/2024\/01\/20230108_102457-768x1621.jpg 768w, https:\/\/embuscadofimdomundo.com.br\/wp-content\/uploads\/2024\/01\/20230108_102457-728x1536.jpg 728w, https:\/\/embuscadofimdomundo.com.br\/wp-content\/uploads\/2024\/01\/20230108_102457-970x2048.jpg 970w, https:\/\/embuscadofimdomundo.com.br\/wp-content\/uploads\/2024\/01\/20230108_102457-scaled.jpg 1213w\" sizes=\"(max-width: 485px) 100vw, 485px\" \/><\/figure><div class=\"wp-block-media-text__content\">\n<p>Sergio Henrique Rocha Mendon\u00e7a, nascido em Mococa, interior de S\u00e3o Paulo, enfrentou desafios desde cedo, vindo de uma fam\u00edlia com pais separados. Sua jornada profissional come\u00e7ou aos 12 anos, quando se tornou vendedor de salgados, percorrendo os com\u00e9rcios locais com uma simples caixa de isopor. Aos 13 anos, deu in\u00edcio a uma aprendizagem na ind\u00fastria metal\u00fargica, onde absorveu conhecimentos valiosos em automa\u00e7\u00e3o, produ\u00e7\u00e3o e controle de qualidade, complementando sua forma\u00e7\u00e3o com um curso em Ci\u00eancias da Computa\u00e7\u00e3o.<\/p>\n\n\n\n<p>Ao longo de sua trajet\u00f3ria, Sergio acumulou experi\u00eancias em bancos e empresas de telecomunica\u00e7\u00f5es, moldando-se como especialista em Redes e Firewalls. Em 01\/06\/2022, obteve sua habilita\u00e7\u00e3o para pilotar motocicletas e, surpreendentemente, apenas seis meses depois, em 07\/01\/2023, encontrava-se no Fim do Mundo, na cidade do Ushuaia.<\/p>\n\n\n\n<p>Sergio compartilha sua hist\u00f3ria e desafios com a esperan\u00e7a de inspirar e auxiliar aqueles que tamb\u00e9m buscam empreender jornadas de tamanho semelhante.<\/p>\n\n\n\n<p>Quero ser genu\u00edno ao compartilhar que um dos maiores desafios foi dar in\u00edcio \u00e0 constru\u00e7\u00e3o desta narrativa. Antecipo meus agradecimentos a todos aqueles que se desafiarem a explorar e desfrutar do conte\u00fado aqui apresentado. Espero que encontrem valor e inspira\u00e7\u00e3o nesta jornada que decidi compartilhar.<\/p>\n\n\n\n<div class=\"wp-block-buttons is-content-justification-center is-layout-flex wp-container-core-buttons-is-layout-1 wp-block-buttons-is-layout-flex\">\n<div class=\"wp-block-button is-style-primary\"><a class=\"wp-block-button__link has-text-align-center wp-element-button\" href=\"http:\/\/embuscadofimdomundo.com.br\/?page_id=439\" target=\"_blank\" rel=\"noreferrer noopener\">Comprar o Livro<\/a><\/div>\n<\/div>\n<\/div><\/div>\n\n\n\n<p> <\/p>\n","protected":false},"excerpt":{"rendered":"","protected":false},"author":1,"featured_media":0,"parent":0,"menu_order":0,"comment_status":"closed","ping_status":"closed","template":"","meta":{"_monsterinsights_skip_tracking":false,"_monsterinsights_sitenote_active":false,"_monsterinsights_sitenote_note":"","_monsterinsights_sitenote_category":0,"_uf_show_specific_survey":0,"_uf_disable_surveys":false,"neve_meta_sidebar":"","neve_meta_container":"","neve_meta_enable_content_width":"","neve_meta_content_width":0,"neve_meta_title_alignment":"","neve_meta_author_avatar":"","neve_post_elements_order":"","neve_meta_disable_header":"","neve_meta_disable_footer":"","neve_meta_disable_title":"","_themeisle_gutenberg_block_has_review":false,"_ti_tpc_template_sync":false,"_ti_tpc_template_id":"","footnotes":""},"yoast_head":"<!-- This site is optimized with the Yoast SEO plugin v22.1 - https:\/\/yoast.com\/wordpress\/plugins\/seo\/ -->\n<title>Protagonista, Autor e editor - Em Busca do Fim do Mundo<\/title>\n<meta name=\"robots\" content=\"index, follow, max-snippet:-1, max-image-preview:large, max-video-preview:-1\" \/>\n<link rel=\"canonical\" href=\"https:\/\/embuscadofimdomundo.com.br\/?page_id=406\" \/>\n<meta property=\"og:locale\" content=\"pt_BR\" \/>\n<meta property=\"og:type\" content=\"article\" \/>\n<meta property=\"og:title\" content=\"Protagonista, Autor e editor - Em Busca do Fim do Mundo\" \/>\n<meta property=\"og:url\" content=\"https:\/\/embuscadofimdomundo.com.br\/?page_id=406\" \/>\n<meta property=\"og:site_name\" content=\"Em Busca do Fim do Mundo\" \/>\n<meta property=\"article:publisher\" content=\"https:\/\/www.facebook.com\/sergiomendonca1983\/\" \/>\n<meta property=\"article:modified_time\" content=\"2024-02-26T23:47:25+00:00\" \/>\n<meta property=\"og:image\" content=\"http:\/\/embuscadofimdomundo.com.br\/wp-content\/uploads\/2024\/01\/20230108_102457-485x1024.jpg\" \/>\n<meta name=\"twitter:card\" content=\"summary_large_image\" \/>\n<meta name=\"twitter:label1\" content=\"Est. tempo de leitura\" \/>\n\t<meta name=\"twitter:data1\" content=\"2 minutos\" \/>\n<script type=\"application\/ld+json\" class=\"yoast-schema-graph\">{\"@context\":\"https:\/\/schema.org\",\"@graph\":[{\"@type\":\"WebPage\",\"@id\":\"https:\/\/embuscadofimdomundo.com.br\/?page_id=406\",\"url\":\"https:\/\/embuscadofimdomundo.com.br\/?page_id=406\",\"name\":\"Protagonista, Autor e editor - Em Busca do Fim do Mundo\",\"isPartOf\":{\"@id\":\"https:\/\/embuscadofimdomundo.com.br\/#website\"},\"datePublished\":\"2024-01-31T16:58:21+00:00\",\"dateModified\":\"2024-02-26T23:47:25+00:00\",\"breadcrumb\":{\"@id\":\"https:\/\/embuscadofimdomundo.com.br\/?page_id=406#breadcrumb\"},\"inLanguage\":\"pt-BR\",\"potentialAction\":[{\"@type\":\"ReadAction\",\"target\":[\"https:\/\/embuscadofimdomundo.com.br\/?page_id=406\"]}]},{\"@type\":\"BreadcrumbList\",\"@id\":\"https:\/\/embuscadofimdomundo.com.br\/?page_id=406#breadcrumb\",\"itemListElement\":[{\"@type\":\"ListItem\",\"position\":1,\"name\":\"In\u00edcio\",\"item\":\"https:\/\/embuscadofimdomundo.com.br\/\"},{\"@type\":\"ListItem\",\"position\":2,\"name\":\"Protagonista, Autor e editor\"}]},{\"@type\":\"WebSite\",\"@id\":\"https:\/\/embuscadofimdomundo.com.br\/#website\",\"url\":\"https:\/\/embuscadofimdomundo.com.br\/\",\"name\":\"Em Busca do Fim do Mundo\",\"description\":\"Uma jornada ao Ushuaia\",\"publisher\":{\"@id\":\"https:\/\/embuscadofimdomundo.com.br\/#organization\"},\"potentialAction\":[{\"@type\":\"SearchAction\",\"target\":{\"@type\":\"EntryPoint\",\"urlTemplate\":\"https:\/\/embuscadofimdomundo.com.br\/?s={search_term_string}\"},\"query-input\":\"required name=search_term_string\"}],\"inLanguage\":\"pt-BR\"},{\"@type\":\"Organization\",\"@id\":\"https:\/\/embuscadofimdomundo.com.br\/#organization\",\"name\":\"Em Busca do Fim do Mundo\",\"url\":\"https:\/\/embuscadofimdomundo.com.br\/\",\"logo\":{\"@type\":\"ImageObject\",\"inLanguage\":\"pt-BR\",\"@id\":\"https:\/\/embuscadofimdomundo.com.br\/#\/schema\/logo\/image\/\",\"url\":\"http:\/\/embuscadofimdomundo.com.br\/wp-content\/uploads\/2024\/01\/20230108_132527-edited.jpg\",\"contentUrl\":\"http:\/\/embuscadofimdomundo.com.br\/wp-content\/uploads\/2024\/01\/20230108_132527-edited.jpg\",\"width\":1774,\"height\":2363,\"caption\":\"Em Busca do Fim do Mundo\"},\"image\":{\"@id\":\"https:\/\/embuscadofimdomundo.com.br\/#\/schema\/logo\/image\/\"},\"sameAs\":[\"https:\/\/www.facebook.com\/sergiomendonca1983\/\",\"https:\/\/www.linkedin.com\/in\/sergio-mendona-a26853110\/\",\"https:\/\/www.instagram.com\/sergio.mendonca_83\/\",\"https:\/\/www.amazon.com.br\/Em-busca-Fim-mundo-jornada-ebook\/dp\/B0CTSCV5KD\/ref=sr_1_2?qid=1707247193&refinements=p_27Sergio Mendona&s=digital-text&sr=1-2&text=Sergio Mendona\"]}]}<\/script>\n<!-- \/ Yoast SEO plugin. -->","yoast_head_json":{"title":"Protagonista, Autor e editor - Em Busca do Fim do Mundo","robots":{"index":"index","follow":"follow","max-snippet":"max-snippet:-1","max-image-preview":"max-image-preview:large","max-video-preview":"max-video-preview:-1"},"canonical":"https:\/\/embuscadofimdomundo.com.br\/?page_id=406","og_locale":"pt_BR","og_type":"article","og_title":"Protagonista, Autor e editor - Em Busca do Fim do Mundo","og_url":"https:\/\/embuscadofimdomundo.com.br\/?page_id=406","og_site_name":"Em Busca do Fim do Mundo","article_publisher":"https:\/\/www.facebook.com\/sergiomendonca1983\/","article_modified_time":"2024-02-26T23:47:25+00:00","og_image":[{"url":"http:\/\/embuscadofimdomundo.com.br\/wp-content\/uploads\/2024\/01\/20230108_102457-485x1024.jpg"}],"twitter_card":"summary_large_image","twitter_misc":{"Est. tempo de leitura":"2 minutos"},"schema":{"@context":"https:\/\/schema.org","@graph":[{"@type":"WebPage","@id":"https:\/\/embuscadofimdomundo.com.br\/?page_id=406","url":"https:\/\/embuscadofimdomundo.com.br\/?page_id=406","name":"Protagonista, Autor e editor - Em Busca do Fim do Mundo","isPartOf":{"@id":"https:\/\/embuscadofimdomundo.com.br\/#website"},"datePublished":"2024-01-31T16:58:21+00:00","dateModified":"2024-02-26T23:47:25+00:00","breadcrumb":{"@id":"https:\/\/embuscadofimdomundo.com.br\/?page_id=406#breadcrumb"},"inLanguage":"pt-BR","potentialAction":[{"@type":"ReadAction","target":["https:\/\/embuscadofimdomundo.com.br\/?page_id=406"]}]},{"@type":"BreadcrumbList","@id":"https:\/\/embuscadofimdomundo.com.br\/?page_id=406#breadcrumb","itemListElement":[{"@type":"ListItem","position":1,"name":"In\u00edcio","item":"https:\/\/embuscadofimdomundo.com.br\/"},{"@type":"ListItem","position":2,"name":"Protagonista, Autor e editor"}]},{"@type":"WebSite","@id":"https:\/\/embuscadofimdomundo.com.br\/#website","url":"https:\/\/embuscadofimdomundo.com.br\/","name":"Em Busca do Fim do Mundo","description":"Uma jornada ao Ushuaia","publisher":{"@id":"https:\/\/embuscadofimdomundo.com.br\/#organization"},"potentialAction":[{"@type":"SearchAction","target":{"@type":"EntryPoint","urlTemplate":"https:\/\/embuscadofimdomundo.com.br\/?s={search_term_string}"},"query-input":"required name=search_term_string"}],"inLanguage":"pt-BR"},{"@type":"Organization","@id":"https:\/\/embuscadofimdomundo.com.br\/#organization","name":"Em Busca do Fim do Mundo","url":"https:\/\/embuscadofimdomundo.com.br\/","logo":{"@type":"ImageObject","inLanguage":"pt-BR","@id":"https:\/\/embuscadofimdomundo.com.br\/#\/schema\/logo\/image\/","url":"http:\/\/embuscadofimdomundo.com.br\/wp-content\/uploads\/2024\/01\/20230108_132527-edited.jpg","contentUrl":"http:\/\/embuscadofimdomundo.com.br\/wp-content\/uploads\/2024\/01\/20230108_132527-edited.jpg","width":1774,"height":2363,"caption":"Em Busca do Fim do Mundo"},"image":{"@id":"https:\/\/embuscadofimdomundo.com.br\/#\/schema\/logo\/image\/"},"sameAs":["https:\/\/www.facebook.com\/sergiomendonca1983\/","https:\/\/www.linkedin.com\/in\/sergio-mendona-a26853110\/","https:\/\/www.instagram.com\/sergio.mendonca_83\/","https:\/\/www.amazon.com.br\/Em-busca-Fim-mundo-jornada-ebook\/dp\/B0CTSCV5KD\/ref=sr_1_2?qid=1707247193&refinements=p_27Sergio Mendona&s=digital-text&sr=1-2&text=Sergio Mendona"]}]}},"_links":{"self":[{"href":"https:\/\/embuscadofimdomundo.com.br\/index.php?rest_route=\/wp\/v2\/pages\/406"}],"collection":[{"href":"https:\/\/embuscadofimdomundo.com.br\/index.php?rest_route=\/wp\/v2\/pages"}],"about":[{"href":"https:\/\/embuscadofimdomundo.com.br\/index.php?rest_route=\/wp\/v2\/types\/page"}],"author":[{"embeddable":true,"href":"https:\/\/embuscadofimdomundo.com.br\/index.php?rest_route=\/wp\/v2\/users\/1"}],"replies":[{"embeddable":true,"href":"https:\/\/embuscadofimdomundo.com.br\/index.php?rest_route=%2Fwp%2Fv2%2Fcomments&post=406"}],"version-history":[{"count":3,"href":"https:\/\/embuscadofimdomundo.com.br\/index.php?rest_route=\/wp\/v2\/pages\/406\/revisions"}],"predecessor-version":[{"id":2175,"href":"https:\/\/embuscadofimdomundo.com.br\/index.php?rest_route=\/wp\/v2\/pages\/406\/revisions\/2175"}],"wp:attachment":[{"href":"https:\/\/embuscadofimdomundo.com.br\/index.php?rest_route=%2Fwp%2Fv2%2Fmedia&parent=406"}],"curies":[{"name":"wp","href":"https:\/\/api.w.org\/{rel}","templated":true}]}}