{"id":411,"date":"2024-01-31T14:44:56","date_gmt":"2024-01-31T17:44:56","guid":{"rendered":"http:\/\/embuscadofimdomundo.com.br\/?page_id=411"},"modified":"2024-02-26T21:04:57","modified_gmt":"2024-02-27T00:04:57","slug":"a-ideia","status":"publish","type":"page","link":"https:\/\/embuscadofimdomundo.com.br\/?page_id=411","title":{"rendered":"O inicio da Historia"},"content":{"rendered":"\n<div class=\"wp-block-buttons is-content-justification-center is-layout-flex wp-container-core-buttons-is-layout-1 wp-block-buttons-is-layout-flex\">\n<div class=\"wp-block-button is-style-primary\"><a class=\"wp-block-button__link has-text-align-center wp-element-button\" href=\"http:\/\/embuscadofimdomundo.com.br\/?page_id=439\" target=\"_blank\" rel=\"noreferrer noopener\">Comprar o Livro<\/a><\/div>\n<\/div>\n\n\n\n<p><\/p>\n\n\n\n<div class=\"wp-block-media-text is-stacked-on-mobile\"><figure class=\"wp-block-media-text__media\"><img loading=\"lazy\" decoding=\"async\" width=\"768\" height=\"1024\" src=\"http:\/\/embuscadofimdomundo.com.br\/wp-content\/uploads\/2024\/02\/20220604_092451-5-768x1024.jpg\" alt=\"\" class=\"wp-image-2173 size-full\" srcset=\"https:\/\/embuscadofimdomundo.com.br\/wp-content\/uploads\/2024\/02\/20220604_092451-5-768x1024.jpg 768w, https:\/\/embuscadofimdomundo.com.br\/wp-content\/uploads\/2024\/02\/20220604_092451-5-225x300.jpg 225w, https:\/\/embuscadofimdomundo.com.br\/wp-content\/uploads\/2024\/02\/20220604_092451-5-1152x1536.jpg 1152w, https:\/\/embuscadofimdomundo.com.br\/wp-content\/uploads\/2024\/02\/20220604_092451-5-1536x2048.jpg 1536w, https:\/\/embuscadofimdomundo.com.br\/wp-content\/uploads\/2024\/02\/20220604_092451-5-scaled.jpg 1920w\" sizes=\"(max-width: 768px) 100vw, 768px\" \/><\/figure><div class=\"wp-block-media-text__content\">\n<p><\/p>\n\n\n\n<p>Desde que adquiri minha motocicleta, meu plano inicial era explorar a regi\u00e3o ao redor da minha cidade natal. No entanto, logo percebi que uma s\u00e9rie de eventos imprevis\u00edveis come\u00e7aram a se desenrolar, como se o destino estivesse naturalmente guiando cada passo da jornada. Nesse contexto, meu irm\u00e3o se dedicou \u00e0 confec\u00e7\u00e3o de alguns alforges sob medida, os quais testamos at\u00e9 mesmo em uma BMW para garantir que estivessem adequados.<\/p>\n\n\n\n<p>Em outra ocasi\u00e3o, durante uma viagem a trabalho para Porto Alegre, surgiu o desejo irresist\u00edvel de explorar a capital ga\u00facha de motocicleta. Senti-me prontamente preparado para embarcar nessa aventura, confiando apenas na motocicleta e nos alforges para transportar minhas bagagens, como se os dois meses de posse da carteira de habilita\u00e7\u00e3o j\u00e1 fossem suficientes.<\/p>\n\n\n\n<p>Esses momentos foram verdadeiros marcos em minha jornada de descoberta e aventura, revelando a incr\u00edvel capacidade de minha motocicleta e o esp\u00edrito de confian\u00e7a que ela inspira. Cada nova viagem \u00e9 uma oportunidade para explorar, aprender e crescer, e estou ansioso para ver para onde as estradas ainda n\u00e3o percorridas me levar\u00e3o.&#8221;<\/p>\n<\/div><\/div>\n\n\n\n<p><\/p>\n\n\n\n<figure class=\"wp-block-gallery has-nested-images columns-default is-cropped wp-block-gallery-1 is-layout-flex wp-block-gallery-is-layout-flex\">\n<figure class=\"wp-block-image size-large\"><img loading=\"lazy\" decoding=\"async\" width=\"768\" height=\"1024\" data-id=\"412\" src=\"http:\/\/embuscadofimdomundo.com.br\/wp-content\/uploads\/2024\/01\/20220604_092451-768x1024.jpg\" alt=\"\" class=\"wp-image-412\" srcset=\"https:\/\/embuscadofimdomundo.com.br\/wp-content\/uploads\/2024\/01\/20220604_092451-768x1024.jpg 768w, https:\/\/embuscadofimdomundo.com.br\/wp-content\/uploads\/2024\/01\/20220604_092451-225x300.jpg 225w, https:\/\/embuscadofimdomundo.com.br\/wp-content\/uploads\/2024\/01\/20220604_092451-1152x1536.jpg 1152w, https:\/\/embuscadofimdomundo.com.br\/wp-content\/uploads\/2024\/01\/20220604_092451-1536x2048.jpg 1536w, https:\/\/embuscadofimdomundo.com.br\/wp-content\/uploads\/2024\/01\/20220604_092451-scaled.jpg 1920w\" sizes=\"(max-width: 768px) 100vw, 768px\" \/><\/figure>\n\n\n\n<figure class=\"wp-block-image size-large\"><img loading=\"lazy\" decoding=\"async\" width=\"768\" height=\"1024\" data-id=\"414\" src=\"http:\/\/embuscadofimdomundo.com.br\/wp-content\/uploads\/2024\/01\/20220626_073226-768x1024.jpg\" alt=\"\" class=\"wp-image-414\" srcset=\"https:\/\/embuscadofimdomundo.com.br\/wp-content\/uploads\/2024\/01\/20220626_073226-768x1024.jpg 768w, https:\/\/embuscadofimdomundo.com.br\/wp-content\/uploads\/2024\/01\/20220626_073226-225x300.jpg 225w, https:\/\/embuscadofimdomundo.com.br\/wp-content\/uploads\/2024\/01\/20220626_073226-1152x1536.jpg 1152w, https:\/\/embuscadofimdomundo.com.br\/wp-content\/uploads\/2024\/01\/20220626_073226-1536x2048.jpg 1536w, https:\/\/embuscadofimdomundo.com.br\/wp-content\/uploads\/2024\/01\/20220626_073226-scaled.jpg 1920w\" sizes=\"(max-width: 768px) 100vw, 768px\" \/><\/figure>\n\n\n\n<figure class=\"wp-block-image size-large\"><img loading=\"lazy\" decoding=\"async\" width=\"768\" height=\"1024\" data-id=\"413\" src=\"http:\/\/embuscadofimdomundo.com.br\/wp-content\/uploads\/2024\/01\/20220726_164920-768x1024.jpg\" alt=\"\" class=\"wp-image-413\" srcset=\"https:\/\/embuscadofimdomundo.com.br\/wp-content\/uploads\/2024\/01\/20220726_164920-768x1024.jpg 768w, https:\/\/embuscadofimdomundo.com.br\/wp-content\/uploads\/2024\/01\/20220726_164920-225x300.jpg 225w, https:\/\/embuscadofimdomundo.com.br\/wp-content\/uploads\/2024\/01\/20220726_164920-1152x1536.jpg 1152w, https:\/\/embuscadofimdomundo.com.br\/wp-content\/uploads\/2024\/01\/20220726_164920-1536x2048.jpg 1536w, https:\/\/embuscadofimdomundo.com.br\/wp-content\/uploads\/2024\/01\/20220726_164920-scaled.jpg 1920w\" sizes=\"(max-width: 768px) 100vw, 768px\" \/><\/figure>\n\n\n\n<figure class=\"wp-block-image size-large\"><img loading=\"lazy\" decoding=\"async\" width=\"768\" height=\"1024\" data-id=\"415\" src=\"http:\/\/embuscadofimdomundo.com.br\/wp-content\/uploads\/2024\/01\/20220727_155555-768x1024.jpg\" alt=\"\" class=\"wp-image-415\" srcset=\"https:\/\/embuscadofimdomundo.com.br\/wp-content\/uploads\/2024\/01\/20220727_155555-768x1024.jpg 768w, https:\/\/embuscadofimdomundo.com.br\/wp-content\/uploads\/2024\/01\/20220727_155555-225x300.jpg 225w, https:\/\/embuscadofimdomundo.com.br\/wp-content\/uploads\/2024\/01\/20220727_155555-1152x1536.jpg 1152w, https:\/\/embuscadofimdomundo.com.br\/wp-content\/uploads\/2024\/01\/20220727_155555-1536x2048.jpg 1536w, https:\/\/embuscadofimdomundo.com.br\/wp-content\/uploads\/2024\/01\/20220727_155555-scaled.jpg 1920w\" sizes=\"(max-width: 768px) 100vw, 768px\" \/><\/figure>\n<\/figure>\n\n\n\n<p><\/p>\n\n\n\n<p><\/p>\n\n\n\n<ul class=\"wp-block-social-links has-normal-icon-size is-style-pill-shape is-layout-flex wp-block-social-links-is-layout-flex\"><li class=\"wp-social-link wp-social-link-facebook  wp-block-social-link\"><a href=\"https:\/\/www.facebook.com\/sergiomendonca1983\/\" class=\"wp-block-social-link-anchor\"><svg width=\"24\" height=\"24\" viewBox=\"0 0 24 24\" version=\"1.1\" xmlns=\"http:\/\/www.w3.org\/2000\/svg\" aria-hidden=\"true\" focusable=\"false\"><path d=\"M12 2C6.5 2 2 6.5 2 12c0 5 3.7 9.1 8.4 9.9v-7H7.9V12h2.5V9.8c0-2.5 1.5-3.9 3.8-3.9 1.1 0 2.2.2 2.2.2v2.5h-1.3c-1.2 0-1.6.8-1.6 1.6V12h2.8l-.4 2.9h-2.3v7C18.3 21.1 22 17 22 12c0-5.5-4.5-10-10-10z\"><\/path><\/svg><span class=\"wp-block-social-link-label screen-reader-text\">Facebook<\/span><\/a><\/li>\n\n<li class=\"wp-social-link wp-social-link-instagram  wp-block-social-link\"><a href=\"https:\/\/www.instagram.com\/sergio.mendonca_83\/\" class=\"wp-block-social-link-anchor\"><svg width=\"24\" height=\"24\" viewBox=\"0 0 24 24\" version=\"1.1\" xmlns=\"http:\/\/www.w3.org\/2000\/svg\" aria-hidden=\"true\" focusable=\"false\"><path d=\"M12,4.622c2.403,0,2.688,0.009,3.637,0.052c0.877,0.04,1.354,0.187,1.671,0.31c0.42,0.163,0.72,0.358,1.035,0.673 c0.315,0.315,0.51,0.615,0.673,1.035c0.123,0.317,0.27,0.794,0.31,1.671c0.043,0.949,0.052,1.234,0.052,3.637 s-0.009,2.688-0.052,3.637c-0.04,0.877-0.187,1.354-0.31,1.671c-0.163,0.42-0.358,0.72-0.673,1.035 c-0.315,0.315-0.615,0.51-1.035,0.673c-0.317,0.123-0.794,0.27-1.671,0.31c-0.949,0.043-1.233,0.052-3.637,0.052 s-2.688-0.009-3.637-0.052c-0.877-0.04-1.354-0.187-1.671-0.31c-0.42-0.163-0.72-0.358-1.035-0.673 c-0.315-0.315-0.51-0.615-0.673-1.035c-0.123-0.317-0.27-0.794-0.31-1.671C4.631,14.688,4.622,14.403,4.622,12 s0.009-2.688,0.052-3.637c0.04-0.877,0.187-1.354,0.31-1.671c0.163-0.42,0.358-0.72,0.673-1.035 c0.315-0.315,0.615-0.51,1.035-0.673c0.317-0.123,0.794-0.27,1.671-0.31C9.312,4.631,9.597,4.622,12,4.622 M12,3 C9.556,3,9.249,3.01,8.289,3.054C7.331,3.098,6.677,3.25,6.105,3.472C5.513,3.702,5.011,4.01,4.511,4.511 c-0.5,0.5-0.808,1.002-1.038,1.594C3.25,6.677,3.098,7.331,3.054,8.289C3.01,9.249,3,9.556,3,12c0,2.444,0.01,2.751,0.054,3.711 c0.044,0.958,0.196,1.612,0.418,2.185c0.23,0.592,0.538,1.094,1.038,1.594c0.5,0.5,1.002,0.808,1.594,1.038 c0.572,0.222,1.227,0.375,2.185,0.418C9.249,20.99,9.556,21,12,21s2.751-0.01,3.711-0.054c0.958-0.044,1.612-0.196,2.185-0.418 c0.592-0.23,1.094-0.538,1.594-1.038c0.5-0.5,0.808-1.002,1.038-1.594c0.222-0.572,0.375-1.227,0.418-2.185 C20.99,14.751,21,14.444,21,12s-0.01-2.751-0.054-3.711c-0.044-0.958-0.196-1.612-0.418-2.185c-0.23-0.592-0.538-1.094-1.038-1.594 c-0.5-0.5-1.002-0.808-1.594-1.038c-0.572-0.222-1.227-0.375-2.185-0.418C14.751,3.01,14.444,3,12,3L12,3z M12,7.378 c-2.552,0-4.622,2.069-4.622,4.622S9.448,16.622,12,16.622s4.622-2.069,4.622-4.622S14.552,7.378,12,7.378z M12,15 c-1.657,0-3-1.343-3-3s1.343-3,3-3s3,1.343,3,3S13.657,15,12,15z M16.804,6.116c-0.596,0-1.08,0.484-1.08,1.08 s0.484,1.08,1.08,1.08c0.596,0,1.08-0.484,1.08-1.08S17.401,6.116,16.804,6.116z\"><\/path><\/svg><span class=\"wp-block-social-link-label screen-reader-text\">Instagram<\/span><\/a><\/li>\n\n<li class=\"wp-social-link wp-social-link-youtube  wp-block-social-link\"><a href=\"https:\/\/www.youtube.com\/channel\/UCjfuPdqJQfyVsqZ9Bhrc33g\" class=\"wp-block-social-link-anchor\"><svg width=\"24\" height=\"24\" viewBox=\"0 0 24 24\" version=\"1.1\" xmlns=\"http:\/\/www.w3.org\/2000\/svg\" aria-hidden=\"true\" focusable=\"false\"><path d=\"M21.8,8.001c0,0-0.195-1.378-0.795-1.985c-0.76-0.797-1.613-0.801-2.004-0.847c-2.799-0.202-6.997-0.202-6.997-0.202 h-0.009c0,0-4.198,0-6.997,0.202C4.608,5.216,3.756,5.22,2.995,6.016C2.395,6.623,2.2,8.001,2.2,8.001S2,9.62,2,11.238v1.517 c0,1.618,0.2,3.237,0.2,3.237s0.195,1.378,0.795,1.985c0.761,0.797,1.76,0.771,2.205,0.855c1.6,0.153,6.8,0.201,6.8,0.201 s4.203-0.006,7.001-0.209c0.391-0.047,1.243-0.051,2.004-0.847c0.6-0.607,0.795-1.985,0.795-1.985s0.2-1.618,0.2-3.237v-1.517 C22,9.62,21.8,8.001,21.8,8.001z M9.935,14.594l-0.001-5.62l5.404,2.82L9.935,14.594z\"><\/path><\/svg><span class=\"wp-block-social-link-label screen-reader-text\">YouTube<\/span><\/a><\/li>\n\n<li class=\"wp-social-link wp-social-link-amazon  wp-block-social-link\"><a href=\"https:\/\/www.amazon.com.br\/Em-busca-Fim-mundo-jornada-ebook\/dp\/B0CTSCV5KD\/ref=sr_1_2?qid=1707247193&#038;refinements=p_27%3ASergio+Mendon%C3%A7a&#038;s=digital-text&#038;sr=1-2&#038;text=Sergio+Mendon%C3%A7a\" class=\"wp-block-social-link-anchor\"><svg width=\"24\" height=\"24\" viewBox=\"0 0 24 24\" version=\"1.1\" xmlns=\"http:\/\/www.w3.org\/2000\/svg\" aria-hidden=\"true\" focusable=\"false\"><path d=\"M13.582,8.182C11.934,8.367,9.78,8.49,8.238,9.166c-1.781,0.769-3.03,2.337-3.03,4.644 c0,2.953,1.86,4.429,4.253,4.429c2.02,0,3.125-0.477,4.685-2.065c0.516,0.747,0.685,1.109,1.629,1.894 c0.212,0.114,0.483,0.103,0.672-0.066l0.006,0.006c0.567-0.505,1.599-1.401,2.18-1.888c0.231-0.188,0.19-0.496,0.009-0.754 c-0.52-0.718-1.072-1.303-1.072-2.634V8.305c0-1.876,0.133-3.599-1.249-4.891C15.23,2.369,13.422,2,12.04,2 C9.336,2,6.318,3.01,5.686,6.351C5.618,6.706,5.877,6.893,6.109,6.945l2.754,0.298C9.121,7.23,9.308,6.977,9.357,6.72 c0.236-1.151,1.2-1.706,2.284-1.706c0.584,0,1.249,0.215,1.595,0.738c0.398,0.584,0.346,1.384,0.346,2.061V8.182z M13.049,14.088 c-0.451,0.8-1.169,1.291-1.967,1.291c-1.09,0-1.728-0.83-1.728-2.061c0-2.42,2.171-2.86,4.227-2.86v0.615 C13.582,12.181,13.608,13.104,13.049,14.088z M20.683,19.339C18.329,21.076,14.917,22,11.979,22c-4.118,0-7.826-1.522-10.632-4.057 c-0.22-0.199-0.024-0.471,0.241-0.317c3.027,1.762,6.771,2.823,10.639,2.823c2.608,0,5.476-0.541,8.115-1.66 C20.739,18.62,21.072,19.051,20.683,19.339z M21.336,21.043c-0.194,0.163-0.379,0.076-0.293-0.139 c0.284-0.71,0.92-2.298,0.619-2.684c-0.301-0.386-1.99-0.183-2.749-0.092c-0.23,0.027-0.266-0.173-0.059-0.319 c1.348-0.946,3.555-0.673,3.811-0.356C22.925,17.773,22.599,19.986,21.336,21.043z\"><\/path><\/svg><span class=\"wp-block-social-link-label screen-reader-text\">Amazon<\/span><\/a><\/li>\n\n<li class=\"wp-social-link wp-social-link-linkedin  wp-block-social-link\"><a href=\"https:\/\/www.linkedin.com\/in\/sergio-mendon%C3%A7a-a26853110\/\" class=\"wp-block-social-link-anchor\"><svg width=\"24\" height=\"24\" viewBox=\"0 0 24 24\" version=\"1.1\" xmlns=\"http:\/\/www.w3.org\/2000\/svg\" aria-hidden=\"true\" focusable=\"false\"><path d=\"M19.7,3H4.3C3.582,3,3,3.582,3,4.3v15.4C3,20.418,3.582,21,4.3,21h15.4c0.718,0,1.3-0.582,1.3-1.3V4.3 C21,3.582,20.418,3,19.7,3z M8.339,18.338H5.667v-8.59h2.672V18.338z M7.004,8.574c-0.857,0-1.549-0.694-1.549-1.548 c0-0.855,0.691-1.548,1.549-1.548c0.854,0,1.547,0.694,1.547,1.548C8.551,7.881,7.858,8.574,7.004,8.574z M18.339,18.338h-2.669 v-4.177c0-0.996-0.017-2.278-1.387-2.278c-1.389,0-1.601,1.086-1.601,2.206v4.249h-2.667v-8.59h2.559v1.174h0.037 c0.356-0.675,1.227-1.387,2.526-1.387c2.703,0,3.203,1.779,3.203,4.092V18.338z\"><\/path><\/svg><span class=\"wp-block-social-link-label screen-reader-text\">LinkedIn<\/span><\/a><\/li><\/ul>\n\n\n\n<p><\/p>\n","protected":false},"excerpt":{"rendered":"<p>Desde que adquiri minha motocicleta, meu plano inicial era explorar a regi\u00e3o ao redor da minha cidade natal. No entanto, logo percebi que uma s\u00e9rie de eventos imprevis\u00edveis come\u00e7aram a se desenrolar, como se o destino estivesse naturalmente guiando cada passo da jornada. Nesse contexto, meu irm\u00e3o se dedicou \u00e0 confec\u00e7\u00e3o de alguns alforges sob&hellip;&nbsp;<a href=\"https:\/\/embuscadofimdomundo.com.br\/?page_id=411\" class=\"\" rel=\"bookmark\">Continue a ler &raquo;<span class=\"screen-reader-text\">O inicio da Historia<\/span><\/a><\/p>\n","protected":false},"author":1,"featured_media":0,"parent":0,"menu_order":0,"comment_status":"closed","ping_status":"closed","template":"","meta":{"_monsterinsights_skip_tracking":false,"_monsterinsights_sitenote_active":false,"_monsterinsights_sitenote_note":"","_monsterinsights_sitenote_category":0,"_uf_show_specific_survey":0,"_uf_disable_surveys":false,"neve_meta_sidebar":"","neve_meta_container":"","neve_meta_enable_content_width":"","neve_meta_content_width":0,"neve_meta_title_alignment":"","neve_meta_author_avatar":"","neve_post_elements_order":"","neve_meta_disable_header":"","neve_meta_disable_footer":"","neve_meta_disable_title":"","_themeisle_gutenberg_block_has_review":false,"_ti_tpc_template_sync":false,"_ti_tpc_template_id":"","footnotes":""},"yoast_head":"<!-- This site is optimized with the Yoast SEO plugin v22.1 - https:\/\/yoast.com\/wordpress\/plugins\/seo\/ -->\n<title>Com a sua meteor 350 ele se desafiou a ir para o Ushuaia<\/title>\n<meta name=\"description\" content=\"&quot;Explore uma jornada repleta de imprevistos e descobertas enquanto Sergio Mendon\u00e7a narra suas aventuras de motocicleta.\" \/>\n<meta name=\"robots\" content=\"index, follow, max-snippet:-1, max-image-preview:large, max-video-preview:-1\" \/>\n<link rel=\"canonical\" href=\"https:\/\/embuscadofimdomundo.com.br\/?page_id=411\" \/>\n<meta property=\"og:locale\" content=\"pt_BR\" \/>\n<meta property=\"og:type\" content=\"article\" \/>\n<meta property=\"og:title\" content=\"Com a sua meteor 350 ele se desafiou a ir para o Ushuaia\" \/>\n<meta property=\"og:description\" content=\"&quot;Explore uma jornada repleta de imprevistos e descobertas enquanto Sergio Mendon\u00e7a narra suas aventuras de motocicleta.\" \/>\n<meta property=\"og:url\" content=\"https:\/\/embuscadofimdomundo.com.br\/?page_id=411\" \/>\n<meta property=\"og:site_name\" content=\"Em Busca do Fim do Mundo\" \/>\n<meta property=\"article:publisher\" content=\"https:\/\/www.facebook.com\/sergiomendonca1983\/\" \/>\n<meta property=\"article:modified_time\" content=\"2024-02-27T00:04:57+00:00\" \/>\n<meta property=\"og:image\" content=\"http:\/\/embuscadofimdomundo.com.br\/wp-content\/uploads\/2024\/02\/20220604_092451-5-768x1024.jpg\" \/>\n<meta name=\"twitter:card\" content=\"summary_large_image\" \/>\n<meta name=\"twitter:label1\" content=\"Est. tempo de leitura\" \/>\n\t<meta name=\"twitter:data1\" content=\"2 minutos\" \/>\n<script type=\"application\/ld+json\" class=\"yoast-schema-graph\">{\"@context\":\"https:\/\/schema.org\",\"@graph\":[{\"@type\":\"WebPage\",\"@id\":\"https:\/\/embuscadofimdomundo.com.br\/?page_id=411\",\"url\":\"https:\/\/embuscadofimdomundo.com.br\/?page_id=411\",\"name\":\"Com a sua meteor 350 ele se desafiou a ir para o Ushuaia\",\"isPartOf\":{\"@id\":\"https:\/\/embuscadofimdomundo.com.br\/#website\"},\"datePublished\":\"2024-01-31T17:44:56+00:00\",\"dateModified\":\"2024-02-27T00:04:57+00:00\",\"description\":\"\\\"Explore uma jornada repleta de imprevistos e descobertas enquanto Sergio Mendon\u00e7a narra suas aventuras de motocicleta.\",\"breadcrumb\":{\"@id\":\"https:\/\/embuscadofimdomundo.com.br\/?page_id=411#breadcrumb\"},\"inLanguage\":\"pt-BR\",\"potentialAction\":[{\"@type\":\"ReadAction\",\"target\":[\"https:\/\/embuscadofimdomundo.com.br\/?page_id=411\"]}]},{\"@type\":\"BreadcrumbList\",\"@id\":\"https:\/\/embuscadofimdomundo.com.br\/?page_id=411#breadcrumb\",\"itemListElement\":[{\"@type\":\"ListItem\",\"position\":1,\"name\":\"In\u00edcio\",\"item\":\"https:\/\/embuscadofimdomundo.com.br\/\"},{\"@type\":\"ListItem\",\"position\":2,\"name\":\"O inicio da Historia\"}]},{\"@type\":\"WebSite\",\"@id\":\"https:\/\/embuscadofimdomundo.com.br\/#website\",\"url\":\"https:\/\/embuscadofimdomundo.com.br\/\",\"name\":\"Em Busca do Fim do Mundo\",\"description\":\"Uma jornada ao Ushuaia\",\"publisher\":{\"@id\":\"https:\/\/embuscadofimdomundo.com.br\/#organization\"},\"potentialAction\":[{\"@type\":\"SearchAction\",\"target\":{\"@type\":\"EntryPoint\",\"urlTemplate\":\"https:\/\/embuscadofimdomundo.com.br\/?s={search_term_string}\"},\"query-input\":\"required name=search_term_string\"}],\"inLanguage\":\"pt-BR\"},{\"@type\":\"Organization\",\"@id\":\"https:\/\/embuscadofimdomundo.com.br\/#organization\",\"name\":\"Em Busca do Fim do Mundo\",\"url\":\"https:\/\/embuscadofimdomundo.com.br\/\",\"logo\":{\"@type\":\"ImageObject\",\"inLanguage\":\"pt-BR\",\"@id\":\"https:\/\/embuscadofimdomundo.com.br\/#\/schema\/logo\/image\/\",\"url\":\"http:\/\/embuscadofimdomundo.com.br\/wp-content\/uploads\/2024\/01\/20230108_132527-edited.jpg\",\"contentUrl\":\"http:\/\/embuscadofimdomundo.com.br\/wp-content\/uploads\/2024\/01\/20230108_132527-edited.jpg\",\"width\":1774,\"height\":2363,\"caption\":\"Em Busca do Fim do Mundo\"},\"image\":{\"@id\":\"https:\/\/embuscadofimdomundo.com.br\/#\/schema\/logo\/image\/\"},\"sameAs\":[\"https:\/\/www.facebook.com\/sergiomendonca1983\/\",\"https:\/\/www.linkedin.com\/in\/sergio-mendona-a26853110\/\",\"https:\/\/www.instagram.com\/sergio.mendonca_83\/\",\"https:\/\/www.amazon.com.br\/Em-busca-Fim-mundo-jornada-ebook\/dp\/B0CTSCV5KD\/ref=sr_1_2?qid=1707247193&refinements=p_27Sergio Mendona&s=digital-text&sr=1-2&text=Sergio Mendona\"]}]}<\/script>\n<!-- \/ Yoast SEO plugin. -->","yoast_head_json":{"title":"Com a sua meteor 350 ele se desafiou a ir para o Ushuaia","description":"\"Explore uma jornada repleta de imprevistos e descobertas enquanto Sergio Mendon\u00e7a narra suas aventuras de motocicleta.","robots":{"index":"index","follow":"follow","max-snippet":"max-snippet:-1","max-image-preview":"max-image-preview:large","max-video-preview":"max-video-preview:-1"},"canonical":"https:\/\/embuscadofimdomundo.com.br\/?page_id=411","og_locale":"pt_BR","og_type":"article","og_title":"Com a sua meteor 350 ele se desafiou a ir para o Ushuaia","og_description":"\"Explore uma jornada repleta de imprevistos e descobertas enquanto Sergio Mendon\u00e7a narra suas aventuras de motocicleta.","og_url":"https:\/\/embuscadofimdomundo.com.br\/?page_id=411","og_site_name":"Em Busca do Fim do Mundo","article_publisher":"https:\/\/www.facebook.com\/sergiomendonca1983\/","article_modified_time":"2024-02-27T00:04:57+00:00","og_image":[{"url":"http:\/\/embuscadofimdomundo.com.br\/wp-content\/uploads\/2024\/02\/20220604_092451-5-768x1024.jpg"}],"twitter_card":"summary_large_image","twitter_misc":{"Est. tempo de leitura":"2 minutos"},"schema":{"@context":"https:\/\/schema.org","@graph":[{"@type":"WebPage","@id":"https:\/\/embuscadofimdomundo.com.br\/?page_id=411","url":"https:\/\/embuscadofimdomundo.com.br\/?page_id=411","name":"Com a sua meteor 350 ele se desafiou a ir para o Ushuaia","isPartOf":{"@id":"https:\/\/embuscadofimdomundo.com.br\/#website"},"datePublished":"2024-01-31T17:44:56+00:00","dateModified":"2024-02-27T00:04:57+00:00","description":"\"Explore uma jornada repleta de imprevistos e descobertas enquanto Sergio Mendon\u00e7a narra suas aventuras de motocicleta.","breadcrumb":{"@id":"https:\/\/embuscadofimdomundo.com.br\/?page_id=411#breadcrumb"},"inLanguage":"pt-BR","potentialAction":[{"@type":"ReadAction","target":["https:\/\/embuscadofimdomundo.com.br\/?page_id=411"]}]},{"@type":"BreadcrumbList","@id":"https:\/\/embuscadofimdomundo.com.br\/?page_id=411#breadcrumb","itemListElement":[{"@type":"ListItem","position":1,"name":"In\u00edcio","item":"https:\/\/embuscadofimdomundo.com.br\/"},{"@type":"ListItem","position":2,"name":"O inicio da Historia"}]},{"@type":"WebSite","@id":"https:\/\/embuscadofimdomundo.com.br\/#website","url":"https:\/\/embuscadofimdomundo.com.br\/","name":"Em Busca do Fim do Mundo","description":"Uma jornada ao Ushuaia","publisher":{"@id":"https:\/\/embuscadofimdomundo.com.br\/#organization"},"potentialAction":[{"@type":"SearchAction","target":{"@type":"EntryPoint","urlTemplate":"https:\/\/embuscadofimdomundo.com.br\/?s={search_term_string}"},"query-input":"required name=search_term_string"}],"inLanguage":"pt-BR"},{"@type":"Organization","@id":"https:\/\/embuscadofimdomundo.com.br\/#organization","name":"Em Busca do Fim do Mundo","url":"https:\/\/embuscadofimdomundo.com.br\/","logo":{"@type":"ImageObject","inLanguage":"pt-BR","@id":"https:\/\/embuscadofimdomundo.com.br\/#\/schema\/logo\/image\/","url":"http:\/\/embuscadofimdomundo.com.br\/wp-content\/uploads\/2024\/01\/20230108_132527-edited.jpg","contentUrl":"http:\/\/embuscadofimdomundo.com.br\/wp-content\/uploads\/2024\/01\/20230108_132527-edited.jpg","width":1774,"height":2363,"caption":"Em Busca do Fim do Mundo"},"image":{"@id":"https:\/\/embuscadofimdomundo.com.br\/#\/schema\/logo\/image\/"},"sameAs":["https:\/\/www.facebook.com\/sergiomendonca1983\/","https:\/\/www.linkedin.com\/in\/sergio-mendona-a26853110\/","https:\/\/www.instagram.com\/sergio.mendonca_83\/","https:\/\/www.amazon.com.br\/Em-busca-Fim-mundo-jornada-ebook\/dp\/B0CTSCV5KD\/ref=sr_1_2?qid=1707247193&refinements=p_27Sergio Mendona&s=digital-text&sr=1-2&text=Sergio Mendona"]}]}},"_links":{"self":[{"href":"https:\/\/embuscadofimdomundo.com.br\/index.php?rest_route=\/wp\/v2\/pages\/411"}],"collection":[{"href":"https:\/\/embuscadofimdomundo.com.br\/index.php?rest_route=\/wp\/v2\/pages"}],"about":[{"href":"https:\/\/embuscadofimdomundo.com.br\/index.php?rest_route=\/wp\/v2\/types\/page"}],"author":[{"embeddable":true,"href":"https:\/\/embuscadofimdomundo.com.br\/index.php?rest_route=\/wp\/v2\/users\/1"}],"replies":[{"embeddable":true,"href":"https:\/\/embuscadofimdomundo.com.br\/index.php?rest_route=%2Fwp%2Fv2%2Fcomments&post=411"}],"version-history":[{"count":9,"href":"https:\/\/embuscadofimdomundo.com.br\/index.php?rest_route=\/wp\/v2\/pages\/411\/revisions"}],"predecessor-version":[{"id":2183,"href":"https:\/\/embuscadofimdomundo.com.br\/index.php?rest_route=\/wp\/v2\/pages\/411\/revisions\/2183"}],"wp:attachment":[{"href":"https:\/\/embuscadofimdomundo.com.br\/index.php?rest_route=%2Fwp%2Fv2%2Fmedia&parent=411"}],"curies":[{"name":"wp","href":"https:\/\/api.w.org\/{rel}","templated":true}]}}